{"id":330,"date":"2022-01-26T16:21:34","date_gmt":"2022-01-26T19:21:34","guid":{"rendered":"https:\/\/tatuicones.com.br\/?page_id=330"},"modified":"2022-01-28T19:11:04","modified_gmt":"2022-01-28T22:11:04","slug":"politica-de-privacidade","status":"publish","type":"page","link":"https:\/\/tatuicones.com.br\/index.php\/politica-de-privacidade\/","title":{"rendered":"Pol\u00edtica de privacidade"},"content":{"rendered":"\t\t<div data-elementor-type=\"wp-page\" data-elementor-id=\"330\" class=\"elementor elementor-330\" data-elementor-settings=\"[]\">\n\t\t\t\t\t\t\t<div class=\"elementor-section-wrap\">\n\t\t\t\t\t\t\t<section class=\"elementor-section elementor-top-section elementor-element elementor-element-2cf9011 elementor-section-full_width elementor-section-height-min-height elementor-section-height-default elementor-section-items-middle exad-glass-effect-no exad-sticky-section-no\" data-id=\"2cf9011\" data-element_type=\"section\" data-settings=\"{&quot;background_background&quot;:&quot;classic&quot;}\">\n\t\t\t\t\t\t\t<div class=\"elementor-background-overlay\"><\/div>\n\t\t\t\t\t\t\t<div class=\"elementor-container elementor-column-gap-no\">\n\t\t\t\t\t<div class=\"elementor-column elementor-col-100 elementor-top-column elementor-element elementor-element-835bfe0 exad-glass-effect-no exad-sticky-section-no\" data-id=\"835bfe0\" data-element_type=\"column\">\n\t\t\t<div class=\"elementor-widget-wrap elementor-element-populated\">\n\t\t\t\t\t\t\t\t<div class=\"elementor-element elementor-element-b97caa2 exad-sticky-section-no exad-glass-effect-no elementor-widget elementor-widget-heading\" data-id=\"b97caa2\" data-element_type=\"widget\" data-widget_type=\"heading.default\">\n\t\t\t\t<div class=\"elementor-widget-container\">\n\t\t\t<style>\/*! elementor - v3.5.4 - 23-01-2022 *\/\n.elementor-heading-title{padding:0;margin:0;line-height:1}.elementor-widget-heading .elementor-heading-title[class*=elementor-size-]>a{color:inherit;font-size:inherit;line-height:inherit}.elementor-widget-heading .elementor-heading-title.elementor-size-small{font-size:15px}.elementor-widget-heading .elementor-heading-title.elementor-size-medium{font-size:19px}.elementor-widget-heading .elementor-heading-title.elementor-size-large{font-size:29px}.elementor-widget-heading .elementor-heading-title.elementor-size-xl{font-size:39px}.elementor-widget-heading .elementor-heading-title.elementor-size-xxl{font-size:59px}<\/style><h2 class=\"elementor-heading-title elementor-size-default\">POL\u00cdTICA DE PRIVACIDADE<\/h2>\t\t<\/div>\n\t\t\t\t<\/div>\n\t\t\t\t\t<\/div>\n\t\t<\/div>\n\t\t\t\t\t\t\t<\/div>\n\t\t<\/section>\n\t\t\t\t<section class=\"elementor-section elementor-top-section elementor-element elementor-element-ad18e47 elementor-section-boxed elementor-section-height-default elementor-section-height-default exad-glass-effect-no exad-sticky-section-no\" data-id=\"ad18e47\" data-element_type=\"section\">\n\t\t\t\t\t\t<div class=\"elementor-container elementor-column-gap-default\">\n\t\t\t\t\t<div class=\"elementor-column elementor-col-100 elementor-top-column elementor-element elementor-element-1f91d20 exad-glass-effect-no exad-sticky-section-no\" data-id=\"1f91d20\" data-element_type=\"column\">\n\t\t\t<div class=\"elementor-widget-wrap elementor-element-populated\">\n\t\t\t\t\t\t\t\t<div class=\"elementor-element elementor-element-3e923f1 exad-sticky-section-no exad-glass-effect-no elementor-widget elementor-widget-spacer\" data-id=\"3e923f1\" data-element_type=\"widget\" data-widget_type=\"spacer.default\">\n\t\t\t\t<div class=\"elementor-widget-container\">\n\t\t\t\t\t<div class=\"elementor-spacer\">\n\t\t\t<div class=\"elementor-spacer-inner\"><\/div>\n\t\t<\/div>\n\t\t\t\t<\/div>\n\t\t\t\t<\/div>\n\t\t\t\t<div class=\"elementor-element elementor-element-d7aacfd exad-sticky-section-no exad-glass-effect-no elementor-widget elementor-widget-heading\" data-id=\"d7aacfd\" data-element_type=\"widget\" data-widget_type=\"heading.default\">\n\t\t\t\t<div class=\"elementor-widget-container\">\n\t\t\t<h2 class=\"elementor-heading-title elementor-size-default\">TERMOS DE USO<\/h2>\t\t<\/div>\n\t\t\t\t<\/div>\n\t\t\t\t<div class=\"elementor-element elementor-element-ca323c3 exad-sticky-section-no exad-glass-effect-no elementor-widget elementor-widget-text-editor\" data-id=\"ca323c3\" data-element_type=\"widget\" data-widget_type=\"text-editor.default\">\n\t\t\t\t<div class=\"elementor-widget-container\">\n\t\t\t<style>\/*! elementor - v3.5.4 - 23-01-2022 *\/\n.elementor-widget-text-editor.elementor-drop-cap-view-stacked .elementor-drop-cap{background-color:#818a91;color:#fff}.elementor-widget-text-editor.elementor-drop-cap-view-framed .elementor-drop-cap{color:#818a91;border:3px solid;background-color:transparent}.elementor-widget-text-editor:not(.elementor-drop-cap-view-default) .elementor-drop-cap{margin-top:8px}.elementor-widget-text-editor:not(.elementor-drop-cap-view-default) .elementor-drop-cap-letter{width:1em;height:1em}.elementor-widget-text-editor .elementor-drop-cap{float:left;text-align:center;line-height:1;font-size:50px}.elementor-widget-text-editor .elementor-drop-cap-letter{display:inline-block}<\/style>\t\t\t\t<p>A Pol\u00edtica de Privacidade de Dados da TATUI CONES LTDA. tem como objetivo demonstrar o comprometimento, transpar\u00eancia e a responsabilidade com a prote\u00e7\u00e3o de seus dados pessoais, preservando a privacidade e seguran\u00e7a das informa\u00e7\u00f5es, de acordo com a Lei 13.709\/2018 (Lei Geral de Prote\u00e7\u00e3o de Dados \u2013 LGPD).<\/p><p>\u00a0<\/p><p>O presente documento descreve os dados pessoais que coletamos, como e porque s\u00e3o utilizados, a quem divulgamos e como protegemos a sua privacidade quando voc\u00ea utiliza nossos servi\u00e7os ou visita nossas plataformas.<\/p><p>\u00a0<\/p><p>Esclarecemos que apenas pessoas f\u00edsicas maiores de 18 (dezoito) anos de idade completos encontram-se autorizados a utilizar o website e servi\u00e7os da TATUI CONES, anuindo e consentindo \u00e0 esta condi\u00e7\u00e3o. Ao concordar com a presente Pol\u00edtica, voc\u00ea nos d\u00e1 plena e inquestion\u00e1vel compreens\u00e3o desta e todos os demais detalhes abaixo informados.<\/p><p>\u00a0<\/p><p>Caso n\u00e3o concorde com essa pol\u00edtica recomendamos que n\u00e3o utilize nosso site ou demais meios de comunica\u00e7\u00e3o, nem contrate os produtos e\/ou servi\u00e7os ofertados pela TATUI CONES.<\/p>\t\t\t\t\t\t<\/div>\n\t\t\t\t<\/div>\n\t\t\t\t<div class=\"elementor-element elementor-element-6454c8f exad-sticky-section-no exad-glass-effect-no elementor-widget elementor-widget-heading\" data-id=\"6454c8f\" data-element_type=\"widget\" data-widget_type=\"heading.default\">\n\t\t\t\t<div class=\"elementor-widget-container\">\n\t\t\t<h2 class=\"elementor-heading-title elementor-size-default\">1) COLETA DE DADOS<\/h2>\t\t<\/div>\n\t\t\t\t<\/div>\n\t\t\t\t<div class=\"elementor-element elementor-element-28e225c exad-sticky-section-no exad-glass-effect-no elementor-widget elementor-widget-heading\" data-id=\"28e225c\" data-element_type=\"widget\" data-widget_type=\"heading.default\">\n\t\t\t\t<div class=\"elementor-widget-container\">\n\t\t\t<h2 class=\"elementor-heading-title elementor-size-default\">A) COLETA DE DADOS PESSOAIS, COMO NOME COMPLETO, N\u00daMERO DE TELEFONE E E-MAIL, BEM COMO OUTROS PARA AS FINALIDADES QUE SEJAM NECES\u00c1RIAS<\/h2>\t\t<\/div>\n\t\t\t\t<\/div>\n\t\t\t\t<div class=\"elementor-element elementor-element-5a7035e exad-sticky-section-no exad-glass-effect-no elementor-widget elementor-widget-text-editor\" data-id=\"5a7035e\" data-element_type=\"widget\" data-widget_type=\"text-editor.default\">\n\t\t\t\t<div class=\"elementor-widget-container\">\n\t\t\t\t\t\t\t<p><span style=\"color: #000000;\"><strong>O QUE FAZEMOS:<\/strong><\/span>\u00a0identifica-lo quando voc\u00ea visita no site ou entra em contato conosco.<\/p>\t\t\t\t\t\t<\/div>\n\t\t\t\t<\/div>\n\t\t\t\t<div class=\"elementor-element elementor-element-a634b4e exad-sticky-section-no exad-glass-effect-no elementor-widget elementor-widget-text-editor\" data-id=\"a634b4e\" data-element_type=\"widget\" data-widget_type=\"text-editor.default\">\n\t\t\t\t<div class=\"elementor-widget-container\">\n\t\t\t\t\t\t\t<p><span style=\"color: #000000;\"><strong>PORQUE FAZEMOS:<\/strong><\/span>\u00a0por obriga\u00e7\u00e3o legal.<\/p>\t\t\t\t\t\t<\/div>\n\t\t\t\t<\/div>\n\t\t\t\t<div class=\"elementor-element elementor-element-97852cf exad-sticky-section-no exad-glass-effect-no elementor-widget elementor-widget-heading\" data-id=\"97852cf\" data-element_type=\"widget\" data-widget_type=\"heading.default\">\n\t\t\t\t<div class=\"elementor-widget-container\">\n\t\t\t<h2 class=\"elementor-heading-title elementor-size-default\">B) HIST\u00d3RICO DE CONTATO<\/h2>\t\t<\/div>\n\t\t\t\t<\/div>\n\t\t\t\t<div class=\"elementor-element elementor-element-8daf6f7 exad-sticky-section-no exad-glass-effect-no elementor-widget elementor-widget-text-editor\" data-id=\"8daf6f7\" data-element_type=\"widget\" data-widget_type=\"text-editor.default\">\n\t\t\t\t<div class=\"elementor-widget-container\">\n\t\t\t\t\t\t\t<p><span style=\"color: #000000;\"><strong>O QUE FAZEMOS:<\/strong><\/span>\u00a0monitoraremos ou gravaremos as informa\u00e7\u00f5es que nos foram transmitidas via telefone, m\u00eddia social, mensagem privada ou e-mail, para qualquer informa\u00e7\u00e3o, reclama\u00e7\u00e3o, elogio, etc.<\/p>\t\t\t\t\t\t<\/div>\n\t\t\t\t<\/div>\n\t\t\t\t<div class=\"elementor-element elementor-element-61f103b exad-sticky-section-no exad-glass-effect-no elementor-widget elementor-widget-heading\" data-id=\"61f103b\" data-element_type=\"widget\" data-widget_type=\"heading.default\">\n\t\t\t\t<div class=\"elementor-widget-container\">\n\t\t\t<h2 class=\"elementor-heading-title elementor-size-default\">C) MOMENTO DA COLETA\n<\/h2>\t\t<\/div>\n\t\t\t\t<\/div>\n\t\t\t\t<div class=\"elementor-element elementor-element-ba1041f exad-sticky-section-no exad-glass-effect-no elementor-widget elementor-widget-text-editor\" data-id=\"ba1041f\" data-element_type=\"widget\" data-widget_type=\"text-editor.default\">\n\t\t\t\t<div class=\"elementor-widget-container\">\n\t\t\t\t\t\t\t<p>Os dados pessoais s\u00e3o coletados e\/ou processados pela TATUI CONES no acesso e\/ou navega\u00e7\u00e3o do site; no decorrer ou ap\u00f3s a solicita\u00e7\u00e3o dos produtos e\/ou servi\u00e7os; durante o relacionamento com a marca, seja para quem j\u00e1 foi ou ainda \u00e9 cliente. Esses dados pessoais incluem informa\u00e7\u00f5es como:<\/p><p>\u00a0<\/p><p>Para que possamos oferecer com excel\u00eancia os nossos servi\u00e7os, torna-se necess\u00e1rio a coleta de dados pessoais, conforme o servi\u00e7o prestado. Veja abaixo mais detalhadamente as formas de coleta de dados:<\/p>\t\t\t\t\t\t<\/div>\n\t\t\t\t<\/div>\n\t\t\t\t<div class=\"elementor-element elementor-element-5f41c56 exad-sticky-section-no exad-glass-effect-no elementor-widget elementor-widget-image\" data-id=\"5f41c56\" data-element_type=\"widget\" data-widget_type=\"image.default\">\n\t\t\t\t<div class=\"elementor-widget-container\">\n\t\t\t<style>\/*! elementor - v3.5.4 - 23-01-2022 *\/\n.elementor-widget-image{text-align:center}.elementor-widget-image a{display:inline-block}.elementor-widget-image a img[src$=\".svg\"]{width:48px}.elementor-widget-image img{vertical-align:middle;display:inline-block}<\/style>\t\t\t\t\t\t\t\t\t\t\t\t<img width=\"750\" height=\"362\" src=\"https:\/\/tatuicones.com.br\/wp-content\/uploads\/2022\/01\/tabela1.jpg\" class=\"attachment-large size-large\" alt=\"\" loading=\"lazy\" srcset=\"https:\/\/tatuicones.com.br\/wp-content\/uploads\/2022\/01\/tabela1.jpg 876w, https:\/\/tatuicones.com.br\/wp-content\/uploads\/2022\/01\/tabela1-300x145.jpg 300w, https:\/\/tatuicones.com.br\/wp-content\/uploads\/2022\/01\/tabela1-768x371.jpg 768w\" sizes=\"(max-width: 750px) 100vw, 750px\" style=\"width:100%;height:48.29%;max-width:876px\" \/>\t\t\t\t\t\t\t\t\t\t\t\t\t\t\t<\/div>\n\t\t\t\t<\/div>\n\t\t\t\t<div class=\"elementor-element elementor-element-b52d2b3 exad-sticky-section-no exad-glass-effect-no elementor-widget elementor-widget-heading\" data-id=\"b52d2b3\" data-element_type=\"widget\" data-widget_type=\"heading.default\">\n\t\t\t\t<div class=\"elementor-widget-container\">\n\t\t\t<h2 class=\"elementor-heading-title elementor-size-default\">2) SEGURAN\u00c7A DOS DADOS<\/h2>\t\t<\/div>\n\t\t\t\t<\/div>\n\t\t\t\t<div class=\"elementor-element elementor-element-701f1f3 exad-sticky-section-no exad-glass-effect-no elementor-widget elementor-widget-text-editor\" data-id=\"701f1f3\" data-element_type=\"widget\" data-widget_type=\"text-editor.default\">\n\t\t\t\t<div class=\"elementor-widget-container\">\n\t\t\t\t\t\t\t<p>Os dados pessoais em posse da TATUI CONES ser\u00e3o armazenados de acordo com os mais r\u00edgidos padr\u00f5es adotados pelo mercado, utilizando medidas de seguran\u00e7a para preservar a privacidade e integridade dos dados. Mantemos os controles de acesso aos dados dos nossos clientes, bem como treinamento das equipes para o correto tratamento dos dados.<\/p><p>\u00a0<\/p><p>Utilizamos os meios t\u00e9cnicos vi\u00e1veis para proteger os dados eletr\u00f4nicos, como antiv\u00edrus; hospedagem profissional, senhas criptografadas; certificado de seguran\u00e7a SSL; firewall para minimizar o risco de invas\u00e3o contra hackers; AntiSpam para proteger contra e-mails que possam conter v\u00edrus; e controle de acesso individual para computadores, rede e sistemas.<\/p><p>\u00a0<\/p><p>Ou seja, protegemos seus dados pessoais de todos os tipos de amea\u00e7a: destrui\u00e7\u00e3o, perda, altera\u00e7\u00e3o, divulga\u00e7\u00e3o ou acesso n\u00e3o autorizados. A TATUI CONES protege seus Dados Pessoais de acordo com os padr\u00f5es e procedimentos de seguran\u00e7a e confidencialidade estabelecidos pela legisla\u00e7\u00e3o brasileira.<\/p>\t\t\t\t\t\t<\/div>\n\t\t\t\t<\/div>\n\t\t\t\t<div class=\"elementor-element elementor-element-d854a9f exad-sticky-section-no exad-glass-effect-no elementor-widget elementor-widget-spacer\" data-id=\"d854a9f\" data-element_type=\"widget\" data-widget_type=\"spacer.default\">\n\t\t\t\t<div class=\"elementor-widget-container\">\n\t\t\t\t\t<div class=\"elementor-spacer\">\n\t\t\t<div class=\"elementor-spacer-inner\"><\/div>\n\t\t<\/div>\n\t\t\t\t<\/div>\n\t\t\t\t<\/div>\n\t\t\t\t\t<\/div>\n\t\t<\/div>\n\t\t\t\t\t\t\t<\/div>\n\t\t<\/section>\n\t\t\t\t\t\t<\/div>\n\t\t\t\t\t<\/div>\n\t\t","protected":false},"excerpt":{"rendered":"<p>POL\u00cdTICA DE PRIVACIDADE TERMOS DE USO A Pol\u00edtica de Privacidade de Dados da TATUI CONES LTDA. tem como objetivo demonstrar o comprometimento, transpar\u00eancia e a responsabilidade com a prote\u00e7\u00e3o de seus dados pessoais, preservando a privacidade e seguran\u00e7a das informa\u00e7\u00f5es, de acordo com a Lei 13.709\/2018 (Lei Geral de Prote\u00e7\u00e3o de Dados \u2013 LGPD). \u00a0&hellip; <a class=\"more-link\" href=\"https:\/\/tatuicones.com.br\/index.php\/politica-de-privacidade\/\">Continuar lendo <span class=\"screen-reader-text\">Pol\u00edtica de privacidade<\/span><\/a><\/p>\n","protected":false},"author":1,"featured_media":0,"parent":0,"menu_order":0,"comment_status":"closed","ping_status":"closed","template":"elementor_header_footer","meta":{"om_disable_all_campaigns":false,"_monsterinsights_skip_tracking":false,"_monsterinsights_sitenote_active":false,"_monsterinsights_sitenote_note":"","_monsterinsights_sitenote_category":0},"_links":{"self":[{"href":"https:\/\/tatuicones.com.br\/index.php\/wp-json\/wp\/v2\/pages\/330"}],"collection":[{"href":"https:\/\/tatuicones.com.br\/index.php\/wp-json\/wp\/v2\/pages"}],"about":[{"href":"https:\/\/tatuicones.com.br\/index.php\/wp-json\/wp\/v2\/types\/page"}],"author":[{"embeddable":true,"href":"https:\/\/tatuicones.com.br\/index.php\/wp-json\/wp\/v2\/users\/1"}],"replies":[{"embeddable":true,"href":"https:\/\/tatuicones.com.br\/index.php\/wp-json\/wp\/v2\/comments?post=330"}],"version-history":[{"count":29,"href":"https:\/\/tatuicones.com.br\/index.php\/wp-json\/wp\/v2\/pages\/330\/revisions"}],"predecessor-version":[{"id":621,"href":"https:\/\/tatuicones.com.br\/index.php\/wp-json\/wp\/v2\/pages\/330\/revisions\/621"}],"wp:attachment":[{"href":"https:\/\/tatuicones.com.br\/index.php\/wp-json\/wp\/v2\/media?parent=330"}],"curies":[{"name":"wp","href":"https:\/\/api.w.org\/{rel}","templated":true}]}}