{"id":13,"date":"2022-01-25T01:27:04","date_gmt":"2022-01-25T04:27:04","guid":{"rendered":"https:\/\/tatuicones.com.br\/?page_id=13"},"modified":"2022-01-28T19:04:13","modified_gmt":"2022-01-28T22:04:13","slug":"responsabilidade-socioambiental","status":"publish","type":"page","link":"https:\/\/tatuicones.com.br\/index.php\/responsabilidade-socioambiental\/","title":{"rendered":"Responsabilidade Socioambiental"},"content":{"rendered":"\t\t<div data-elementor-type=\"wp-page\" data-elementor-id=\"13\" class=\"elementor elementor-13\" data-elementor-settings=\"[]\">\n\t\t\t\t\t\t\t<div class=\"elementor-section-wrap\">\n\t\t\t\t\t\t\t<section class=\"elementor-section elementor-top-section elementor-element elementor-element-c39189b elementor-section-full_width elementor-section-height-min-height elementor-section-height-default elementor-section-items-middle exad-glass-effect-no exad-sticky-section-no\" data-id=\"c39189b\" data-element_type=\"section\" data-settings=\"{&quot;background_background&quot;:&quot;classic&quot;}\">\n\t\t\t\t\t\t\t<div class=\"elementor-background-overlay\"><\/div>\n\t\t\t\t\t\t\t<div class=\"elementor-container elementor-column-gap-no\">\n\t\t\t\t\t<div class=\"elementor-column elementor-col-100 elementor-top-column elementor-element elementor-element-4a5b9f9 exad-glass-effect-no exad-sticky-section-no\" data-id=\"4a5b9f9\" data-element_type=\"column\">\n\t\t\t<div class=\"elementor-widget-wrap elementor-element-populated\">\n\t\t\t\t\t\t\t\t<div class=\"elementor-element elementor-element-e6605cd exad-sticky-section-no exad-glass-effect-no elementor-widget elementor-widget-heading\" data-id=\"e6605cd\" data-element_type=\"widget\" data-widget_type=\"heading.default\">\n\t\t\t\t<div class=\"elementor-widget-container\">\n\t\t\t<style>\/*! elementor - v3.5.4 - 23-01-2022 *\/\n.elementor-heading-title{padding:0;margin:0;line-height:1}.elementor-widget-heading .elementor-heading-title[class*=elementor-size-]>a{color:inherit;font-size:inherit;line-height:inherit}.elementor-widget-heading .elementor-heading-title.elementor-size-small{font-size:15px}.elementor-widget-heading .elementor-heading-title.elementor-size-medium{font-size:19px}.elementor-widget-heading .elementor-heading-title.elementor-size-large{font-size:29px}.elementor-widget-heading .elementor-heading-title.elementor-size-xl{font-size:39px}.elementor-widget-heading .elementor-heading-title.elementor-size-xxl{font-size:59px}<\/style><h2 class=\"elementor-heading-title elementor-size-default\">RESPONSABILIDADE SOCIOAMBIENTAL<\/h2>\t\t<\/div>\n\t\t\t\t<\/div>\n\t\t\t\t\t<\/div>\n\t\t<\/div>\n\t\t\t\t\t\t\t<\/div>\n\t\t<\/section>\n\t\t\t\t<section class=\"elementor-section elementor-top-section elementor-element elementor-element-fb5ad6b elementor-section-boxed elementor-section-height-default elementor-section-height-default exad-glass-effect-no exad-sticky-section-no\" data-id=\"fb5ad6b\" data-element_type=\"section\" data-settings=\"{&quot;background_background&quot;:&quot;classic&quot;}\">\n\t\t\t\t\t\t<div class=\"elementor-container elementor-column-gap-default\">\n\t\t\t\t\t<div class=\"elementor-column elementor-col-100 elementor-top-column elementor-element elementor-element-4ec4196 exad-glass-effect-no exad-sticky-section-no\" data-id=\"4ec4196\" data-element_type=\"column\">\n\t\t\t<div class=\"elementor-widget-wrap elementor-element-populated\">\n\t\t\t\t\t\t\t\t<div class=\"elementor-element elementor-element-22f272d exad-sticky-section-no exad-glass-effect-no elementor-widget elementor-widget-spacer\" data-id=\"22f272d\" data-element_type=\"widget\" data-widget_type=\"spacer.default\">\n\t\t\t\t<div class=\"elementor-widget-container\">\n\t\t\t\t\t<div class=\"elementor-spacer\">\n\t\t\t<div class=\"elementor-spacer-inner\"><\/div>\n\t\t<\/div>\n\t\t\t\t<\/div>\n\t\t\t\t<\/div>\n\t\t\t\t<div class=\"elementor-element elementor-element-ededb8b exad-sticky-section-no exad-glass-effect-no elementor-widget elementor-widget-heading\" data-id=\"ededb8b\" data-element_type=\"widget\" data-widget_type=\"heading.default\">\n\t\t\t\t<div class=\"elementor-widget-container\">\n\t\t\t<h2 class=\"elementor-heading-title elementor-size-default\">RESPONSABILIDADE SOCIOAMBIENTAL<\/h2>\t\t<\/div>\n\t\t\t\t<\/div>\n\t\t\t\t<div class=\"elementor-element elementor-element-92b13c9 exad-sticky-section-no exad-glass-effect-no elementor-widget elementor-widget-text-editor\" data-id=\"92b13c9\" data-element_type=\"widget\" data-widget_type=\"text-editor.default\">\n\t\t\t\t<div class=\"elementor-widget-container\">\n\t\t\t<style>\/*! elementor - v3.5.4 - 23-01-2022 *\/\n.elementor-widget-text-editor.elementor-drop-cap-view-stacked .elementor-drop-cap{background-color:#818a91;color:#fff}.elementor-widget-text-editor.elementor-drop-cap-view-framed .elementor-drop-cap{color:#818a91;border:3px solid;background-color:transparent}.elementor-widget-text-editor:not(.elementor-drop-cap-view-default) .elementor-drop-cap{margin-top:8px}.elementor-widget-text-editor:not(.elementor-drop-cap-view-default) .elementor-drop-cap-letter{width:1em;height:1em}.elementor-widget-text-editor .elementor-drop-cap{float:left;text-align:center;line-height:1;font-size:50px}.elementor-widget-text-editor .elementor-drop-cap-letter{display:inline-block}<\/style>\t\t\t\t<p>Sempre atento com o meio ambiente e a sociedade, a <strong>Tatu\u00ed Cones<\/strong> tem o compromisso de fazer nosso papel no setor t\u00eaxtil, intervindo nos descartes incorretos de papel\u00e3o e retrabalhando esse caminho para o descarte final passando por todo processo de classifica\u00e7\u00e3o, separa\u00e7\u00e3o e descarte.<\/p><p>Trabalhamos com mat\u00e9ria prima 100% reciclada e recuperada das industrias t\u00eaxteis, com isso conseguimos amenizar o a fabrica\u00e7\u00e3o de novos mat\u00e9rias no mercado.<\/p><p>Contudo, nossos principais princ\u00edpios s\u00e3o:<\/p><p>\u00a0<\/p><ul><li><em>Preserva\u00e7\u00e3o dos recursos naturais, evitando danos ao meio ambiente.<\/em><\/li><\/ul><p>\u00a0<\/p><ul><li><em>Reconhecimento que o meio ambiente, a seguran\u00e7a e a sa\u00fade no trabalho constituem prioridade na empresa, refletindo em suas atividades, produtos e servi\u00e7os.<\/em><\/li><\/ul><p>\u00a0<\/p><ul><li><em>Entendimento dos colaboradores para a import\u00e2ncia de atitudes e seu papel a ser desempenhado quanto \u00e0 preserva\u00e7\u00e3o do meio ambiente, \u00e0 seguran\u00e7a e \u00e0 sa\u00fade no trabalho.<\/em><\/li><\/ul>\t\t\t\t\t\t<\/div>\n\t\t\t\t<\/div>\n\t\t\t\t<div class=\"elementor-element elementor-element-eff8dac exad-sticky-section-no exad-glass-effect-no elementor-widget elementor-widget-spacer\" data-id=\"eff8dac\" data-element_type=\"widget\" data-widget_type=\"spacer.default\">\n\t\t\t\t<div class=\"elementor-widget-container\">\n\t\t\t\t\t<div class=\"elementor-spacer\">\n\t\t\t<div class=\"elementor-spacer-inner\"><\/div>\n\t\t<\/div>\n\t\t\t\t<\/div>\n\t\t\t\t<\/div>\n\t\t\t\t\t<\/div>\n\t\t<\/div>\n\t\t\t\t\t\t\t<\/div>\n\t\t<\/section>\n\t\t\t\t\t\t<\/div>\n\t\t\t\t\t<\/div>\n\t\t","protected":false},"excerpt":{"rendered":"<p>RESPONSABILIDADE SOCIOAMBIENTAL RESPONSABILIDADE SOCIOAMBIENTAL Sempre atento com o meio ambiente e a sociedade, a Tatu\u00ed Cones tem o compromisso de fazer nosso papel no setor t\u00eaxtil, intervindo nos descartes incorretos de papel\u00e3o e retrabalhando esse caminho para o descarte final passando por todo processo de classifica\u00e7\u00e3o, separa\u00e7\u00e3o e descarte. Trabalhamos com mat\u00e9ria prima 100% reciclada&hellip; <a class=\"more-link\" href=\"https:\/\/tatuicones.com.br\/index.php\/responsabilidade-socioambiental\/\">Continuar lendo <span class=\"screen-reader-text\">Responsabilidade Socioambiental<\/span><\/a><\/p>\n","protected":false},"author":1,"featured_media":0,"parent":0,"menu_order":0,"comment_status":"closed","ping_status":"closed","template":"elementor_header_footer","meta":{"om_disable_all_campaigns":false,"_monsterinsights_skip_tracking":false,"_monsterinsights_sitenote_active":false,"_monsterinsights_sitenote_note":"","_monsterinsights_sitenote_category":0},"_links":{"self":[{"href":"https:\/\/tatuicones.com.br\/index.php\/wp-json\/wp\/v2\/pages\/13"}],"collection":[{"href":"https:\/\/tatuicones.com.br\/index.php\/wp-json\/wp\/v2\/pages"}],"about":[{"href":"https:\/\/tatuicones.com.br\/index.php\/wp-json\/wp\/v2\/types\/page"}],"author":[{"embeddable":true,"href":"https:\/\/tatuicones.com.br\/index.php\/wp-json\/wp\/v2\/users\/1"}],"replies":[{"embeddable":true,"href":"https:\/\/tatuicones.com.br\/index.php\/wp-json\/wp\/v2\/comments?post=13"}],"version-history":[{"count":37,"href":"https:\/\/tatuicones.com.br\/index.php\/wp-json\/wp\/v2\/pages\/13\/revisions"}],"predecessor-version":[{"id":593,"href":"https:\/\/tatuicones.com.br\/index.php\/wp-json\/wp\/v2\/pages\/13\/revisions\/593"}],"wp:attachment":[{"href":"https:\/\/tatuicones.com.br\/index.php\/wp-json\/wp\/v2\/media?parent=13"}],"curies":[{"name":"wp","href":"https:\/\/api.w.org\/{rel}","templated":true}]}}